{"id":11402,"date":"2020-05-22T22:26:02","date_gmt":"2020-05-22T19:26:02","guid":{"rendered":"http:\/\/www.cigdemim.org.tr\/?page_id=11402"},"modified":"2025-03-27T20:40:31","modified_gmt":"2025-03-27T17:40:31","slug":"onur-uyelerimiz","status":"publish","type":"page","link":"https:\/\/www.cigdemim.org.tr\/?page_id=11402","title":{"rendered":"ONUR \u00dcYELER\u0130M\u0130Z"},"content":{"rendered":"\n<div class=\"wp-block-file\"><a id=\"wp-block-file--media-7ce6f84f-bde8-42ab-b5f6-9f123903aea3\" href=\"https:\/\/www.cigdemim.org.tr\/wp-content\/uploads\/2025\/03\/onur-uyeleri.pdf\">onur \u00fcyeleri<\/a><\/div>\n\n\n<p>Dernek T\u00fcz\u00fc\u011f\u00fcne g\u00f6re asil \u00fcyelik s\u0131fat\u0131 olmayan Derne\u011fe MADD\u0130 veya MANEV\u0130 b\u00fcy\u00fck yararlar\u0131 ve katk\u0131lar\u0131 olan ki\u015filerdir. Y\u00f6netim Kurulu teklifi ve Genel Kurul onay\u0131 ile belirlenirler. Derne\u011fin kurucu \u00fcyeleri ayn\u0131 zamanda Onur \u00fcyesidirler. Onur \u00fcyeleri derne\u011fin t\u00fcm etkinliklerine kat\u0131l\u0131r ve s\u00f6z hakk\u0131 kullanabilirler, ancak oy kullanamazlar. Onur \u00fcyelerinde T\u00fcrk vatanda\u015f\u0131 olmak \u015fart\u0131 aranmaz.<\/p>\n\n\n<p><\/p>\n","protected":false},"excerpt":{"rendered":"<p>Dernek T\u00fcz\u00fc\u011f\u00fcne g\u00f6re asil \u00fcyelik s\u0131fat\u0131 olmayan Derne\u011fe MADD\u0130 veya MANEV\u0130 b\u00fcy\u00fck yararlar\u0131 ve katk\u0131lar\u0131 olan ki\u015filerdir. Y\u00f6netim Kurulu teklifi ve Genel Kurul onay\u0131 ile belirlenirler. Derne\u011fin kurucu \u00fcyeleri ayn\u0131 zamanda Onur \u00fcyesidirler. Onur \u00fcyeleri derne\u011fin t\u00fcm etkinliklerine kat\u0131l\u0131r ve s\u00f6z hakk\u0131 kullanabilirler, ancak oy kullanamazlar. Onur \u00fcyelerinde T\u00fcrk vatanda\u015f\u0131 olmak \u015fart\u0131 aranmaz.<\/p>\n","protected":false},"author":1,"featured_media":0,"parent":0,"menu_order":0,"comment_status":"closed","ping_status":"closed","template":"","meta":{"footnotes":""},"class_list":["post-11402","page","type-page","status-publish","hentry"],"_links":{"self":[{"href":"https:\/\/www.cigdemim.org.tr\/index.php?rest_route=\/wp\/v2\/pages\/11402","targetHints":{"allow":["GET"]}}],"collection":[{"href":"https:\/\/www.cigdemim.org.tr\/index.php?rest_route=\/wp\/v2\/pages"}],"about":[{"href":"https:\/\/www.cigdemim.org.tr\/index.php?rest_route=\/wp\/v2\/types\/page"}],"author":[{"embeddable":true,"href":"https:\/\/www.cigdemim.org.tr\/index.php?rest_route=\/wp\/v2\/users\/1"}],"replies":[{"embeddable":true,"href":"https:\/\/www.cigdemim.org.tr\/index.php?rest_route=%2Fwp%2Fv2%2Fcomments&post=11402"}],"version-history":[{"count":6,"href":"https:\/\/www.cigdemim.org.tr\/index.php?rest_route=\/wp\/v2\/pages\/11402\/revisions"}],"predecessor-version":[{"id":24914,"href":"https:\/\/www.cigdemim.org.tr\/index.php?rest_route=\/wp\/v2\/pages\/11402\/revisions\/24914"}],"wp:attachment":[{"href":"https:\/\/www.cigdemim.org.tr\/index.php?rest_route=%2Fwp%2Fv2%2Fmedia&parent=11402"}],"curies":[{"name":"wp","href":"https:\/\/api.w.org\/{rel}","templated":true}]}}