{"id":11818,"date":"2020-06-27T22:44:20","date_gmt":"2020-06-27T19:44:20","guid":{"rendered":"http:\/\/www.cigdemim.org.tr\/?page_id=11818"},"modified":"2022-11-19T23:47:43","modified_gmt":"2022-11-19T20:47:43","slug":"english-introduction","status":"publish","type":"page","link":"https:\/\/www.cigdemim.org.tr\/?page_id=11818","title":{"rendered":"INTRODUCTION"},"content":{"rendered":"\n<p><strong>\u00c7\u0130\u011eDEM\u0130M: Association for education, environment, and solidarity.<\/strong><\/p>\n\n\n\n<p><strong><u>Our mission: <\/u><\/strong>by extending the culture of being a neighbour, being effective on decision-making process and enhancing the neighbour\u2019s quality of life.<\/p>\n\n\n\n<p><strong><u>Our vision: <\/u><\/strong>being a neighbourhood where individuals who has different characteristics are happy and effective on the processes of decision-making in both local and national levels and where the culture of being a neighbourhood and supporting one another is placed.<\/p>\n\n\n\n<p><strong><u>Our values:<\/u><\/strong><\/p>\n\n\n\n<p>Transparency: The association shares all the information and documentation about the applications and the decisions made.<\/p>\n\n\n\n<p>Voluntariness: All the actions taken in the association are based on voluntariness.<\/p>\n\n\n\n<p>Solidarity: The association takes an approach of being helpful, sharer, devoted, and sensitive to environment and public events in all actions taken.<\/p>\n\n\n\n<p>Disinterestedness: The association is unbiased in all the actions taken and is open to different ideas, opinions, and suggestions.<\/p>\n\n\n\n<p>Neutrality: The association is neutral to political parties and independent.<\/p>\n\n\n\n<p>Participant: The association makes its decisions with all relevant parties, women, children, the disabled, the elderly, etc. in compromission. It participates in social decision-making mechanisms in line with its mission, vision, and values.&nbsp; It deals with the comprehensive work on every issue that concerns the neighbourhood with a civic consciousness after determining the common understanding, division of labour, authority and responsibilities and accepting them.<\/p>\n\n\n\n<p>Pioneer: The association plays a leading role inside and around the society with its exemplary practices.<\/p>\n\n\n\n<p>Learning Organization: The association is open to change and development and makes use of all opportunities for this.<\/p>\n\n\n\n<p><\/p>\n\n\n\n<p>\u00c7i\u011fdem association for education, environment, and solidarity (\u00c7\u0130\u011eDEM\u0130M) is established by 14 people who believes that one should do something rather than expecting things being handled by state in 1996. At first, it worked collaboratively with the reeve to solve the problems of the neighbourhood. After gaining enough power, the number of activities and work increased.<\/p>\n\n\n\n<p>\u00c7\u0130\u011eDEM\u0130M is an independent, impartial, and voluntary action.<\/p>\n\n\n\n<p>With the main intention of improving the quality of life of the residents of the neighbourhood and to strengthen the neighbourly relations that are almost being forgotten, \u00c7\u0130\u011eDEM\u0130M carries out wide range of work in this direction. In each event, the association elaborates neighbours getting to know one another. Thus, the improvement of neighbourly relations is ensured.<\/p>\n\n\n\n<p>We care about developing awareness of social responsibility in our work with the residents of our neighbourhood and we believe that those who take care of the neighbourhood they live in and deal with the problems of it will stake out a claim of the problems of our country and will take action when necessary.<\/p>\n\n\n\n<p><\/p>\n\n\n\n<p class=\"has-text-align-center\">Code number of the association: 06-51-095<\/p>\n\n\n\n<p class=\"has-text-align-center\">Bank account number: T\u00fcrkiye \u0130\u015f Bankas\u0131, Ankara \u00c7ukurambar Branch, 4379 \u2013 0001560,<\/p>\n\n\n\n<p class=\"has-text-align-center\">IBAN: TR73 0006 4000 0014 3790 0015 60<\/p>\n\n\n\n<p class=\"has-text-align-center\">Address: \u00c7i\u011fdem Mahallesi, 1551. Cadde No: 14-A, 06530 Ankara\/\u00c7ankaya<\/p>\n\n\n\n<p class=\"has-text-align-center\">Phone number: +90 312 285 20 47 \/ +90-530 660 95 83<\/p>\n\n\n\n<p class=\"has-text-align-center\">Mail address: <a href=\"mailto:dernek@cigdemim.org.tr\">dernek@cigdemim.org.tr<\/a><\/p>\n\n\n\n<p><strong>Some of Our Activities<\/strong><\/p>\n\n\n\n<p>O\u011fuz Tansel Neighbourhood Library<\/p>\n\n\n\n<p>Our neighborhood library, which has only 200 books in a bookcase made from a sofa bed at the beginning, now has roughly 30000 books.&nbsp; More than 4000 books per year are read.<ins><\/ins><\/p>\n\n\n\n<p><ins>\u00c7i\u011fdemim <\/ins><ins>Neighbourhood <\/ins><ins><del>Mahalle Bostan\u0131<\/del><\/ins><ins>Garden<\/ins><\/p>\n\n\n\n<p><ins>With the contribution and support of the Permankara group, we produce natural products in our neighborhood to demonstrate that organic product cultivation in rural areas can also be done in the center of the city. <del>Moreover, <\/del>our aim is&nbsp; to raise awareness of the society about organic products, by providing basic knowledge and skills, and to enable our children and youth to gain experience in organic product cultivation by introducing plant species.<\/ins><\/p>\n\n\n\n<p>Seminars and Communes<\/p>\n\n\n\n<p>With the purpose of meeting the residents of the neighbourhood, spending quality time together, and while doing this, sharing our knowledge and experience, we organise seminars and communes on various subjects.<\/p>\n\n\n\n<p>Neighbours Day Fair<\/p>\n\n\n\n<p>We are trying to strengthen neighbourly relations with the event we have been organizing since 2006. Music concerts, folklore performances, competitions, and shows of our association&#8217;s ensembles are exhibited at this fair. Neighbours meet one another and spend quality time together. In Ramadan, we organize iftar with our neighbours at the Karde\u015fler Sofras\u0131. In Muharram, we make and distribute Karde\u015flik ashura.<ins><\/ins><\/p>\n\n\n\n<p><ins>Ecological Society and Life Days<\/ins><\/p>\n\n\n\n<p><ins>We organize the Ankara Ecological Society and Life Days event in order to increase environmental awareness. So far, we have organized activities with the themes of Let&#8217;s Shape Our Neighbourhood Ecologically in 2013, Local Production, Real Food in 2014, Real Food and the Right to Food in 2015, and Children and Ecology in 2017.<\/ins><\/p>\n\n\n\n<p>Tree Planting and Maintenance<\/p>\n\n\n\n<p>We planted lots of trees and fruit seeds in M.E.T.U. forest and more than 2000 trees in our neighbourhood by organizing various campaigns. In addition to the maintenance of these trees, we also take care of the trees already planted on the pavements.<\/p>\n\n\n\n<p><del>Turkish Classical Music Choir<\/del><\/p>\n\n\n\n<p><del>Turkish Classical Music Choir, which we formed within our association in 2003, works with music lovers of all ages and organizes concerts every year.<\/del><\/p>\n\n\n\n<p>Cultural Events<\/p>\n\n\n\n<p>We bring together the residents of our neighbourhood with the tickets we buy and the transportation services we provide for cultural events such as theatre, opera, ballet and concerts.<\/p>\n\n\n\n<p>Communication<\/p>\n\n\n\n<p>We communicate with our neighbours through our Facebook, Twitter and Instagram accounts and we have a website used by more than 4000 people.<\/p>\n\n\n\n<p>Trips<\/p>\n\n\n\n<p>We organize domestic and abroad trips, which our neighbourhood residents socialize, to umpteen regions to get to know the historical and natural beauties<\/p>\n\n\n\n<p>Solving Problems of Our Neighbourhood<\/p>\n\n\n\n<p>We are in correspondence with municipalities and public institutions to solve the problems of the neighbourhood. We created public opinion on the repair of streetlamps, asphalt, and pavements, removing the high-voltage line, reorganizing the municipal bus route, combating mistletoe, and pouring gafriya into the M.E.T.U. forest, and we succeeded in solving these problems. We scrambled by filing lawsuits regarding base stations. In order to draw attention to the problems in \u015eirindere region, we organized a petition with the theme &#8220;\u015eirindere is now a problematic creek.&#8221; and we protested the situation.<\/p>\n\n\n\n<p>We held a public vote together with \u00c7ankaya Municipality to remove the astroturf pitch facilities in our neighbourhood and build parks and sports areas that everyone can use. Thus, Can Y\u00fccel park opened to public use.<\/p>\n\n\n\n<p>We contributed to the opening of the new school by running a campaign to solve the school problem in our neighbourhood.<ins><\/ins><\/p>\n\n\n\n<p><ins>Second hand exchange<\/ins><ins> and<\/ins><ins><del>,<\/del>&nbsp; shar<del>ing<\/del><\/ins><ins>e<\/ins><ins><del> and<\/del>&nbsp; market<del>ing<\/del><\/ins><\/p>\n\n\n\n<p><ins>Our event, which we held for the first time in 2014 under the slogan &#8220;We Are Opening the Door of Sharing Against Consumption&#8221; to prevent the frenzied consumption, drew a lot of attention, and we have&nbsp;continued&nbsp;to hold&nbsp;it each&nbsp;season. We organize activities that enable the sharing, marketing, and exchange of second-hand clothes and goods.<\/ins><\/p>\n\n\n\n<p><ins>Trainings<\/ins><\/p>\n\n\n\n<p><ins>We provide numerous courses in order to contribute to the personal development of our neighbours and summer school for children. Some of them are guitar, art classes, English, folk dances, sewing, patchwork, photography, and computer literacy.<\/ins><\/p>\n\n\n\n<p><ins>Social responsibility projects<\/ins><\/p>\n\n\n\n<p><ins>We assist many people and organizations within the scope of social welfare studies by distributing books, encyclopaedias and supplementary textbooks collected in the association. Also, we collect second-hand clothes and goods in our association and deliver them to the people in need.<\/ins><\/p>\n\n\n\n<p><ins>Education support project<\/ins><\/p>\n\n\n\n<p><ins><del>According to the amount of contribution collected in the money pool, <\/del><\/ins>W<ins>e provide educational support to university students for 9 months. We accept donations to the education support fund at any time and in the desired amount.<\/ins><\/p>\n\n\n\n<p><ins>Collaboration with <\/ins>Universities<\/p>\n\n\n\n<p>With<ins> the department of Industrial Design at Middle East Technical University, we carried <\/ins>out projects<ins>: &#8220;\u00c7i\u011fdem District in My Dream&#8221;,&nbsp; &#8220;\u00c7i\u011fdem District Identity&#8221;, &#8220;Re-use Scenarios for \u00c7i\u011fdem District&#8221; and &#8220;Participation of Persons with Disabilities and Their Relatives in Social Life in \u00c7i\u011fdem District&#8221;. Also, thesis studies including the works of our association are prepared and we made contribution to them. In addition, we have implemented the &#8220;\u00c7i\u011fdemim Children&#8217;s Art Workshop&#8221; project with Hacettepe University, Department of Interior Architecture and Environmental Design.<\/ins><\/p>\n\n\n\n<p>Waste Recycling Project<\/p>\n\n\n\n<p>We collect electronic waste, dead batteries and used vegetable oils in our association and deliver them to relevant recycling organizations. We collect waste papers such as newspapers and magazines in our association to generate income from them and other recyclable wastes such as glass and plastic in municipal recycling bins.<\/p>\n\n\n\n<p>We received the e-waste hero award for our contribution to the recycling of electronic waste at the Electrical and Electronic Waste Summit organized by Istanbul Technical University on March 5-6, 2015.<\/p>\n\n\n\n<p><ins>CIGDEMIM <del>KAY<\/del><\/ins><ins>CVL<\/ins><ins> Project<\/ins><\/p>\n\n\n\n<p><ins>We worked with the \u00c7i\u011fdem District Headman, \u00c7ankaya Municipality, and animal lovers to implement the Castration &#8211; Vaccinate &#8211; Live (<del>KAY)<\/del><\/ins><ins>CVL)<\/ins><ins> project in order to address the issues with stray dogs in our neighbourhood, but we had to end the project after two years due to a lack of support from the stakeholders.<\/ins><\/p>\n\n\n\n<p><ins><del>Barrier-Free<\/del><\/ins>Abled Life<ins> In \u00c7i\u011fdem<\/ins> Neighbourhood<\/p>\n\n\n\n<p>With<ins> the financial support of the Ankara Development Agency, we <\/ins>organize a<ins> number of events to promote the development of a rights-based perspective, to encourage our neighbourhood\u2019s disabled residents to participate on the basis of equal citizenship principles, and to remove barriers to their access to social and cultural services.<\/ins><\/p>\n\n\n\n<p>We<ins> organize <\/ins>Abled<ins> Photography workshops with the motto Life Doesn<del>&#8216;<\/del><\/ins><ins>\u2019<\/ins><ins>t Have Barriers with the residents of \u00c7i\u011fdem district.<\/ins><\/p>\n\n\n\n<p><ins>English Speaking Club<\/ins><\/p>\n\n\n\n<p><ins>English Speaking Club gathers neighbours and volunteers once a week in order to help our neighbours who do not want to forget their knowledge or want to improve their English practice.<\/ins><\/p>\n\n\n\n<p><ins>Photography community<\/ins><\/p>\n\n\n\n<p><ins>We provide basic photography trainings, organize seminars<\/ins><ins>,<\/ins><ins> and conduct workshops accordingly. From time to time, the community also organizes photo-shooting trips and shares their works with the residents of the neighbourhood through exhibitions.<\/ins><\/p>\n\n\n\n<p><ins>Art community<\/ins><\/p>\n\n\n\n<p><ins>We offer hobby courses for children and adults. Their works are displayed to the residents of the neighbourhood at the end of the year with an exhibition. They <\/ins><ins>also paint<\/ins><ins> wall-transformer with the children.<\/ins><\/p>\n\n\n\n<p><ins>Philosophy community<\/ins><\/p>\n\n\n\n<p><ins>With the participation of Middle East Technical University, Philosophy and Sociology department students, the Thinking Game workshop was held, in which the &#8220;<del>\u00c7\u0131t\u0131r \u00c7\u0131t\u0131r <\/del><\/ins><ins>\u00c7\u0131t\u0131r \u00c7\u0131t\u0131r<\/ins><ins> <\/ins><ins>Philosophy&#8221; series, aiming to bring philosophy together with 12-, 13- and 14-year-old children, was addressed and discussions were held on meaningful concepts and interrogation skills were developed.<\/ins><\/p>\n\n\n\n<p><ins>Literature community<\/ins><\/p>\n\n\n\n<p><ins>In addition to arranging poetry recitals and interviews with authors, we select a literary work every month and offer an environment where comments are made on the work with literature lovers.<\/ins><\/p>\n\n\n\n<p>C<ins>inema community<\/ins><\/p>\n\n\n\n<p><ins>In addition to organizing an open-air cinema event in the summer months, we select a movie and create an environment where comments about the movie are made every month.<\/ins><\/p>\n\n\n\n<p><ins>Cigdem Cabaret<\/ins><\/p>\n\n\n\n<p>It<ins> performs <del>theater<\/del><\/ins><ins>theatre<\/ins><ins> works and stages plays<\/ins>. It<ins> performed \u00c7i\u011fdem Cabaret again at the Ankara Ethos International <del>Theater<\/del><\/ins><ins>Theatre<\/ins><ins> Festival held in 2018.<\/ins><\/p>\n\n\n\n<p><ins>Turkish Classical Music Choir<\/ins><\/p>\n\n\n\n<p>It <ins>works with music lovers of all ages and organizes concerts every year.<\/ins><\/p>\n\n\n\n<p><ins>\u015eirindere Rhythm Group<\/ins><\/p>\n\n\n\n<p><ins>The group that created with the children of the people who make a living by collecting paper in \u015eirindere district is organizing demonstrations\/shows for the residents of the <\/ins>neighbourhood<ins>.<\/ins><\/p>\n","protected":false},"excerpt":{"rendered":"<p>\u00c7\u0130\u011eDEM\u0130M: Association for education, environment, and solidarity. Our mission: by extending the culture of being a neighbour, being effective on decision-making process and enhancing the neighbour\u2019s quality of life. Our vision: being a neighbourhood where individuals who has different characteristics are happy and effective on the processes of decision-making in both local and national levels [&hellip;]<\/p>\n","protected":false},"author":1,"featured_media":0,"parent":0,"menu_order":0,"comment_status":"closed","ping_status":"closed","template":"","meta":{"footnotes":""},"class_list":["post-11818","page","type-page","status-publish","hentry"],"_links":{"self":[{"href":"https:\/\/www.cigdemim.org.tr\/index.php?rest_route=\/wp\/v2\/pages\/11818","targetHints":{"allow":["GET"]}}],"collection":[{"href":"https:\/\/www.cigdemim.org.tr\/index.php?rest_route=\/wp\/v2\/pages"}],"about":[{"href":"https:\/\/www.cigdemim.org.tr\/index.php?rest_route=\/wp\/v2\/types\/page"}],"author":[{"embeddable":true,"href":"https:\/\/www.cigdemim.org.tr\/index.php?rest_route=\/wp\/v2\/users\/1"}],"replies":[{"embeddable":true,"href":"https:\/\/www.cigdemim.org.tr\/index.php?rest_route=%2Fwp%2Fv2%2Fcomments&post=11818"}],"version-history":[{"count":3,"href":"https:\/\/www.cigdemim.org.tr\/index.php?rest_route=\/wp\/v2\/pages\/11818\/revisions"}],"predecessor-version":[{"id":17458,"href":"https:\/\/www.cigdemim.org.tr\/index.php?rest_route=\/wp\/v2\/pages\/11818\/revisions\/17458"}],"wp:attachment":[{"href":"https:\/\/www.cigdemim.org.tr\/index.php?rest_route=%2Fwp%2Fv2%2Fmedia&parent=11818"}],"curies":[{"name":"wp","href":"https:\/\/api.w.org\/{rel}","templated":true}]}}