{"id":11858,"date":"2020-06-29T02:01:30","date_gmt":"2020-06-28T23:01:30","guid":{"rendered":"http:\/\/www.cigdemim.org.tr\/?page_id=11858"},"modified":"2025-01-20T00:00:30","modified_gmt":"2025-01-19T21:00:30","slug":"kitaplar","status":"publish","type":"page","link":"https:\/\/www.cigdemim.org.tr\/?page_id=11858","title":{"rendered":"K\u0130TAPLARIMIZ"},"content":{"rendered":"\n<p>TOPLUMSAL C\u0130NS\u0130YETE DUYARLI VE KAPSAYICI \u0130LET\u0130\u015e\u0130M \u0130\u00c7\u0130N DUYARLI S\u00d6ZL\u00dcK : <\/p>\n\n\n\n<div class=\"wp-block-file\"><a id=\"wp-block-file--media-a579ed37-8e12-45d1-b661-fe2b11e132e1\" href=\"https:\/\/www.cigdemim.org.tr\/wp-content\/uploads\/2025\/01\/duyarli-sozluk-baski.pdf\">Duyarl\u0131 S\u00f6zl\u00fck-bask\u0131<\/a><\/div>\n\n\n\n<p><\/p>\n\n\n\n<div class=\"wp-block-media-text alignwide is-stacked-on-mobile\" style=\"grid-template-columns:19% auto\"><figure class=\"wp-block-media-text__media\"><a href=\"https:\/\/anyflip.com\/pgvu\/jdlu\"><img loading=\"lazy\" decoding=\"async\" width=\"119\" height=\"89\" src=\"https:\/\/www.cigdemim.org.tr\/wp-content\/uploads\/2021\/08\/Cigdemim-Dernegi-ile-geziyorum-kapak-119x89.jpeg\" alt=\"\" class=\"wp-image-14149 size-thumbnail\" srcset=\"https:\/\/www.cigdemim.org.tr\/wp-content\/uploads\/2021\/08\/Cigdemim-Dernegi-ile-geziyorum-kapak-119x89.jpeg 119w, https:\/\/www.cigdemim.org.tr\/wp-content\/uploads\/2021\/08\/Cigdemim-Dernegi-ile-geziyorum-kapak-768x579.jpeg 768w, https:\/\/www.cigdemim.org.tr\/wp-content\/uploads\/2021\/08\/Cigdemim-Dernegi-ile-geziyorum-kapak-1536x1158.jpeg 1536w, https:\/\/www.cigdemim.org.tr\/wp-content\/uploads\/2021\/08\/Cigdemim-Dernegi-ile-geziyorum-kapak.jpeg 1600w\" sizes=\"auto, (max-width: 119px) 100vw, 119px\" \/><\/a><\/figure><div class=\"wp-block-media-text__content\">\n<p class=\"has-medium-font-size\"><a href=\"https:\/\/anyflip.com\/pgvu\/jdlu\" target=\"_blank\" rel=\"noreferrer noopener\">\u00c7i\u011fdemim Dernegiyle Geziyorum &#8211; Gezi Kitab\u0131<\/a><\/p>\n<\/div><\/div>\n\n\n\n<figure class=\"wp-block-image size-thumbnail is-resized\"><a href=\"https:\/\/anyflip.com\/pgvu\/bpgo\" target=\"_blank\" rel=\"noopener noreferrer\"><img loading=\"lazy\" decoding=\"async\" width=\"119\" height=\"68\" src=\"http:\/\/www.cigdemim.org.tr\/wp-content\/uploads\/2020\/08\/monografi-119x68.jpg\" alt=\"\" class=\"wp-image-12425\" style=\"width:179px;height:102px\" srcset=\"https:\/\/www.cigdemim.org.tr\/wp-content\/uploads\/2020\/08\/monografi-119x68.jpg 119w, https:\/\/www.cigdemim.org.tr\/wp-content\/uploads\/2020\/08\/monografi-768x437.jpg 768w, https:\/\/www.cigdemim.org.tr\/wp-content\/uploads\/2020\/08\/monografi.jpg 788w\" sizes=\"auto, (max-width: 119px) 100vw, 119px\" \/><\/a><figcaption class=\"wp-element-caption\">Bir Mahalle Monografisi Denemesi<\/figcaption><\/figure>\n\n\n\n<figure class=\"wp-block-image size-thumbnail\"><a href=\"https:\/\/anyflip.com\/pgvu\/frpf\/\" target=\"_blank\" rel=\"noopener noreferrer\"><img loading=\"lazy\" decoding=\"async\" width=\"58\" height=\"89\" src=\"http:\/\/www.cigdemim.org.tr\/wp-content\/uploads\/2020\/06\/20.YIL-KTABI-58x89.jpg\" alt=\"\" class=\"wp-image-11889\" srcset=\"https:\/\/www.cigdemim.org.tr\/wp-content\/uploads\/2020\/06\/20.YIL-KTABI-58x89.jpg 58w, https:\/\/www.cigdemim.org.tr\/wp-content\/uploads\/2020\/06\/20.YIL-KTABI-768x1180.jpg 768w, https:\/\/www.cigdemim.org.tr\/wp-content\/uploads\/2020\/06\/20.YIL-KTABI-1000x1536.jpg 1000w, https:\/\/www.cigdemim.org.tr\/wp-content\/uploads\/2020\/06\/20.YIL-KTABI.jpg 1172w\" sizes=\"auto, (max-width: 58px) 100vw, 58px\" \/><\/a><figcaption class=\"wp-element-caption\">\u00c7i\u011fdemim; Bir Sivil Toplum \u00d6rg\u00fct\u00fcn\u00fcn 20 Y\u0131ll\u0131k Ba\u015far\u0131 \u00d6yk\u00fcs\u00fc<\/figcaption><\/figure>\n\n\n\n<figure class=\"wp-block-image size-thumbnail is-resized\"><a href=\"http:\/\/anyflip.com\/pgvu\/cpza\" target=\"_blank\" rel=\"noopener noreferrer\"><img loading=\"lazy\" decoding=\"async\" width=\"64\" height=\"89\" src=\"http:\/\/www.cigdemim.org.tr\/wp-content\/uploads\/2020\/07\/engel-proje-kitab-64x89.jpg\" alt=\"\" class=\"wp-image-11998\" style=\"width:73px;height:101px\" srcset=\"https:\/\/www.cigdemim.org.tr\/wp-content\/uploads\/2020\/07\/engel-proje-kitab-64x89.jpg 64w, https:\/\/www.cigdemim.org.tr\/wp-content\/uploads\/2020\/07\/engel-proje-kitab.jpg 276w\" sizes=\"auto, (max-width: 64px) 100vw, 64px\" \/><\/a><figcaption class=\"wp-element-caption\">\u00c7i\u011fdem Mahallesinde Ya\u015fam Engel Tan\u0131maz Proje Kitab\u0131<\/figcaption><\/figure>\n\n\n\n<figure class=\"wp-block-image size-thumbnail\"><a href=\"http:\/\/anyflip.com\/pgvu\/ksul\" target=\"_blank\" rel=\"noopener noreferrer\"><img loading=\"lazy\" decoding=\"async\" width=\"77\" height=\"89\" src=\"http:\/\/www.cigdemim.org.tr\/wp-content\/uploads\/2020\/07\/engelli-haklar-kitap-77x89.jpg\" alt=\"\" class=\"wp-image-12009\" srcset=\"https:\/\/www.cigdemim.org.tr\/wp-content\/uploads\/2020\/07\/engelli-haklar-kitap-77x89.jpg 77w, https:\/\/www.cigdemim.org.tr\/wp-content\/uploads\/2020\/07\/engelli-haklar-kitap-768x882.jpg 768w, https:\/\/www.cigdemim.org.tr\/wp-content\/uploads\/2020\/07\/engelli-haklar-kitap-1337x1536.jpg 1337w, https:\/\/www.cigdemim.org.tr\/wp-content\/uploads\/2020\/07\/engelli-haklar-kitap.jpg 1404w\" sizes=\"auto, (max-width: 77px) 100vw, 77px\" \/><\/a><figcaption class=\"wp-element-caption\">Engelli Haklar\u0131 Kitap\u00e7\u0131\u011f\u0131-2016<\/figcaption><\/figure>\n\n\n\n<p><\/p>\n","protected":false},"excerpt":{"rendered":"<p>TOPLUMSAL C\u0130NS\u0130YETE DUYARLI VE KAPSAYICI \u0130LET\u0130\u015e\u0130M \u0130\u00c7\u0130N DUYARLI S\u00d6ZL\u00dcK : \u00c7i\u011fdemim Dernegiyle Geziyorum &#8211; Gezi Kitab\u0131<\/p>\n","protected":false},"author":28,"featured_media":0,"parent":0,"menu_order":0,"comment_status":"closed","ping_status":"closed","template":"","meta":{"footnotes":""},"class_list":["post-11858","page","type-page","status-publish","hentry"],"_links":{"self":[{"href":"https:\/\/www.cigdemim.org.tr\/index.php?rest_route=\/wp\/v2\/pages\/11858","targetHints":{"allow":["GET"]}}],"collection":[{"href":"https:\/\/www.cigdemim.org.tr\/index.php?rest_route=\/wp\/v2\/pages"}],"about":[{"href":"https:\/\/www.cigdemim.org.tr\/index.php?rest_route=\/wp\/v2\/types\/page"}],"author":[{"embeddable":true,"href":"https:\/\/www.cigdemim.org.tr\/index.php?rest_route=\/wp\/v2\/users\/28"}],"replies":[{"embeddable":true,"href":"https:\/\/www.cigdemim.org.tr\/index.php?rest_route=%2Fwp%2Fv2%2Fcomments&post=11858"}],"version-history":[{"count":3,"href":"https:\/\/www.cigdemim.org.tr\/index.php?rest_route=\/wp\/v2\/pages\/11858\/revisions"}],"predecessor-version":[{"id":24211,"href":"https:\/\/www.cigdemim.org.tr\/index.php?rest_route=\/wp\/v2\/pages\/11858\/revisions\/24211"}],"wp:attachment":[{"href":"https:\/\/www.cigdemim.org.tr\/index.php?rest_route=%2Fwp%2Fv2%2Fmedia&parent=11858"}],"curies":[{"name":"wp","href":"https:\/\/api.w.org\/{rel}","templated":true}]}}