{"id":12941,"date":"2020-11-20T20:46:19","date_gmt":"2020-11-20T17:46:19","guid":{"rendered":"https:\/\/www.cigdemim.org.tr\/?page_id=12941"},"modified":"2020-11-20T20:46:19","modified_gmt":"2020-11-20T17:46:19","slug":"cigdemim-mahalle-bostani","status":"publish","type":"page","link":"https:\/\/www.cigdemim.org.tr\/?page_id=12941","title":{"rendered":"\u00c7\u0130\u011eDEM\u0130M MAHALLE BOSTANI"},"content":{"rendered":"\n<figure class=\"wp-block-embed-wordpress wp-block-embed is-type-wp-embed is-provider-cigdem-egitim-cevre-ve-dayanisma-dernegi\"><div class=\"wp-block-embed__wrapper\">\n<blockquote class=\"wp-embedded-content\" data-secret=\"tIr1vWyq0L\"><a href=\"https:\/\/www.cigdemim.org.tr\/?p=12937\">\u00c7\u0130\u011eDEM\u0130M MAHALLE BOSTANI<\/a><\/blockquote><iframe loading=\"lazy\" class=\"wp-embedded-content\" sandbox=\"allow-scripts\" security=\"restricted\" style=\"position: absolute; clip: rect(1px, 1px, 1px, 1px);\" title=\"&#8220;\u00c7\u0130\u011eDEM\u0130M MAHALLE BOSTANI&#8221; &#8212; \u00c7i\u011fdem E\u011fitim, \u00c7evre ve Dayan\u0131\u015fma Derne\u011fi\" src=\"https:\/\/www.cigdemim.org.tr\/?p=12937&#038;embed=true#?secret=H4WYm2DlJq#?secret=tIr1vWyq0L\" data-secret=\"tIr1vWyq0L\" width=\"500\" height=\"282\" frameborder=\"0\" marginwidth=\"0\" marginheight=\"0\" scrolling=\"no\"><\/iframe>\n<\/div><\/figure>\n","protected":false},"excerpt":{"rendered":"","protected":false},"author":1,"featured_media":0,"parent":0,"menu_order":0,"comment_status":"closed","ping_status":"closed","template":"","meta":{"footnotes":""},"class_list":["post-12941","page","type-page","status-publish","hentry"],"_links":{"self":[{"href":"https:\/\/www.cigdemim.org.tr\/index.php?rest_route=\/wp\/v2\/pages\/12941","targetHints":{"allow":["GET"]}}],"collection":[{"href":"https:\/\/www.cigdemim.org.tr\/index.php?rest_route=\/wp\/v2\/pages"}],"about":[{"href":"https:\/\/www.cigdemim.org.tr\/index.php?rest_route=\/wp\/v2\/types\/page"}],"author":[{"embeddable":true,"href":"https:\/\/www.cigdemim.org.tr\/index.php?rest_route=\/wp\/v2\/users\/1"}],"replies":[{"embeddable":true,"href":"https:\/\/www.cigdemim.org.tr\/index.php?rest_route=%2Fwp%2Fv2%2Fcomments&post=12941"}],"version-history":[{"count":0,"href":"https:\/\/www.cigdemim.org.tr\/index.php?rest_route=\/wp\/v2\/pages\/12941\/revisions"}],"wp:attachment":[{"href":"https:\/\/www.cigdemim.org.tr\/index.php?rest_route=%2Fwp%2Fv2%2Fmedia&parent=12941"}],"curies":[{"name":"wp","href":"https:\/\/api.w.org\/{rel}","templated":true}]}}