{"id":158,"date":"2013-07-23T02:49:51","date_gmt":"2013-07-22T23:49:51","guid":{"rendered":"http:\/\/cigdemim.vatanlar.net\/?page_id=158"},"modified":"2021-02-11T01:20:33","modified_gmt":"2021-02-10T22:20:33","slug":"iletisim-bilgileri","status":"publish","type":"page","link":"https:\/\/www.cigdemim.org.tr\/?page_id=158","title":{"rendered":"\u0130LET\u0130\u015e\u0130M"},"content":{"rendered":"<p><a title=\"MAHALLE KROK\u0130S\u0130\" href=\"https:\/\/www.google.com\/maps\/@39.8813651,32.7982506,17z\">Mahalle Krokisi<\/a><\/p>\n<p>e-posta: <a href=\"mailto:dernek@cigdemim.org.tr\">dernek@cigdemim.org.tr<\/a><\/p>\n<p>Tel: 0312 285 20 47\u00a0 \u00a0&#8211;\u00a0 0530 660 95 83<\/p>\n<p>https:\/\/www.facebook.com\/cigdemimdernegi<\/p>\n<p>https:\/\/www.facebook.com\/groups\/cigdemimdernegi<\/p>\n<p>https:\/\/www.instagram.com\/cigdemimdernegi<\/p>\n<p><a class=\"twitter-timeline\" data-width=\"500\" data-height=\"750\" data-dnt=\"true\" href=\"https:\/\/twitter.com\/cigdemimdernegi?ref_src=twsrc%5Etfw\">Tweets by cigdemimdernegi<\/a><script async src=\"https:\/\/platform.twitter.com\/widgets.js\" charset=\"utf-8\"><\/script><\/p>\n<p><a class=\"twitter-timeline\" data-width=\"500\" data-height=\"750\" data-dnt=\"true\" href=\"https:\/\/twitter.com\/cigdemimdernegi?ref_src=twsrc%5Etfw\">Tweets by cigdemimdernegi<\/a><script async src=\"https:\/\/platform.twitter.com\/widgets.js\" charset=\"utf-8\"><\/script><\/p>\n<p>dernek@cigdemim.org.tr<\/p>\n<p><img loading=\"lazy\" decoding=\"async\" class=\"alignnone size-full wp-image-11390\" src=\"http:\/\/www.cigdemim.org.tr\/wp-content\/uploads\/2020\/05\/sosyal-medya-hesaplarmz-3.png\" alt=\"\" width=\"1004\" height=\"591\" srcset=\"https:\/\/www.cigdemim.org.tr\/wp-content\/uploads\/2020\/05\/sosyal-medya-hesaplarmz-3.png 1004w, https:\/\/www.cigdemim.org.tr\/wp-content\/uploads\/2020\/05\/sosyal-medya-hesaplarmz-3-119x70.png 119w, https:\/\/www.cigdemim.org.tr\/wp-content\/uploads\/2020\/05\/sosyal-medya-hesaplarmz-3-768x452.png 768w\" sizes=\"auto, (max-width: 1004px) 100vw, 1004px\" \/><\/p>\n<p><img loading=\"lazy\" decoding=\"async\" class=\"alignnone size-full wp-image-11392\" src=\"http:\/\/www.cigdemim.org.tr\/wp-content\/uploads\/2020\/05\/sosyal-medya-hesaplarmz-2.png\" alt=\"\" width=\"1004\" height=\"591\" srcset=\"https:\/\/www.cigdemim.org.tr\/wp-content\/uploads\/2020\/05\/sosyal-medya-hesaplarmz-2.png 1004w, https:\/\/www.cigdemim.org.tr\/wp-content\/uploads\/2020\/05\/sosyal-medya-hesaplarmz-2-119x70.png 119w, https:\/\/www.cigdemim.org.tr\/wp-content\/uploads\/2020\/05\/sosyal-medya-hesaplarmz-2-768x452.png 768w\" sizes=\"auto, (max-width: 1004px) 100vw, 1004px\" \/><\/p>\n","protected":false},"excerpt":{"rendered":"<p>Mahalle Krokisi e-posta: dernek@cigdemim.org.tr Tel: 0312 285 20 47\u00a0 \u00a0&#8211;\u00a0 0530 660 95 83 https:\/\/www.facebook.com\/cigdemimdernegi https:\/\/www.facebook.com\/groups\/cigdemimdernegi https:\/\/www.instagram.com\/cigdemimdernegi Tweets by cigdemimdernegi Tweets by cigdemimdernegi dernek@cigdemim.org.tr<\/p>\n","protected":false},"author":1,"featured_media":0,"parent":0,"menu_order":2,"comment_status":"closed","ping_status":"open","template":"","meta":{"footnotes":""},"class_list":["post-158","page","type-page","status-publish","hentry"],"_links":{"self":[{"href":"https:\/\/www.cigdemim.org.tr\/index.php?rest_route=\/wp\/v2\/pages\/158","targetHints":{"allow":["GET"]}}],"collection":[{"href":"https:\/\/www.cigdemim.org.tr\/index.php?rest_route=\/wp\/v2\/pages"}],"about":[{"href":"https:\/\/www.cigdemim.org.tr\/index.php?rest_route=\/wp\/v2\/types\/page"}],"author":[{"embeddable":true,"href":"https:\/\/www.cigdemim.org.tr\/index.php?rest_route=\/wp\/v2\/users\/1"}],"replies":[{"embeddable":true,"href":"https:\/\/www.cigdemim.org.tr\/index.php?rest_route=%2Fwp%2Fv2%2Fcomments&post=158"}],"version-history":[{"count":0,"href":"https:\/\/www.cigdemim.org.tr\/index.php?rest_route=\/wp\/v2\/pages\/158\/revisions"}],"wp:attachment":[{"href":"https:\/\/www.cigdemim.org.tr\/index.php?rest_route=%2Fwp%2Fv2%2Fmedia&parent=158"}],"curies":[{"name":"wp","href":"https:\/\/api.w.org\/{rel}","templated":true}]}}