{"id":18317,"date":"2023-03-28T22:56:54","date_gmt":"2023-03-28T19:56:54","guid":{"rendered":"https:\/\/www.cigdemim.org.tr\/?page_id=18317"},"modified":"2023-11-17T17:05:44","modified_gmt":"2023-11-17T14:05:44","slug":"cigdemim-cocuk-meclisi","status":"publish","type":"page","link":"https:\/\/www.cigdemim.org.tr\/?page_id=18317","title":{"rendered":"\u00c7\u0130\u011eDEM\u0130M \u00c7OCUK MECL\u0130S\u0130"},"content":{"rendered":"\n<figure class=\"wp-block-image size-large is-resized\"><img loading=\"lazy\" decoding=\"async\" width=\"250\" height=\"180\" src=\"https:\/\/www.cigdemim.org.tr\/wp-content\/uploads\/2023\/11\/m-logosu-1-250x180.png\" alt=\"\" class=\"wp-image-20753\"\/><\/figure>\n\n\n\n<p>\u00c7\u0130\u011eDEM\u0130M \u00c7OCUK MECL\u0130S\u0130<\/p>\n\n\n\n<p>\u00c7ocuklar\u0131n da g\u00f6r\u00fc\u015flerini almak, onlarla birlikte \u00e7al\u0131\u015fmak amac\u0131yla kurulan meclisimiz d\u00fczenli toplanarak \u00e7al\u0131\u015fmalar\u0131na devam ediyor.<\/p>\n\n\n\n<p>Web Sitesi: <a href=\"https:\/\/cigdemimcocukmeclisi.org.tr\/\">https:\/\/cigdemimcocukmeclisi.org.tr<\/a><\/p>\n\n\n\n<p>\u0130nstagram Hesab\u0131: <a href=\"https:\/\/www.instagram.com\/cigdemimcocukmeclisi\/\">https:\/\/www.instagram.com\/cigdemimcocukmeclisi<\/a><\/p>\n\n\n\n<p>YouTube Kanal\u0131:  <a rel=\"noreferrer noopener\" href=\"https:\/\/www.youtube.com\/@cigdemincocuklari\" target=\"_blank\">https:\/\/www.youtube.com\/@cigdemincocuklari<\/a><\/p>\n\n\n\n<p>E-Posta: iletisim@cigdemimcocukmeclisi.org.tr<\/p>\n","protected":false},"excerpt":{"rendered":"<p>\u00c7\u0130\u011eDEM\u0130M \u00c7OCUK MECL\u0130S\u0130 \u00c7ocuklar\u0131n da g\u00f6r\u00fc\u015flerini almak, onlarla birlikte \u00e7al\u0131\u015fmak amac\u0131yla kurulan meclisimiz d\u00fczenli toplanarak \u00e7al\u0131\u015fmalar\u0131na devam ediyor. Web Sitesi: https:\/\/cigdemimcocukmeclisi.org.tr \u0130nstagram Hesab\u0131: https:\/\/www.instagram.com\/cigdemimcocukmeclisi YouTube Kanal\u0131: https:\/\/www.youtube.com\/@cigdemincocuklari E-Posta: iletisim@cigdemimcocukmeclisi.org.tr<\/p>\n","protected":false},"author":951,"featured_media":0,"parent":0,"menu_order":0,"comment_status":"closed","ping_status":"closed","template":"","meta":{"footnotes":""},"class_list":["post-18317","page","type-page","status-publish","hentry"],"_links":{"self":[{"href":"https:\/\/www.cigdemim.org.tr\/index.php?rest_route=\/wp\/v2\/pages\/18317","targetHints":{"allow":["GET"]}}],"collection":[{"href":"https:\/\/www.cigdemim.org.tr\/index.php?rest_route=\/wp\/v2\/pages"}],"about":[{"href":"https:\/\/www.cigdemim.org.tr\/index.php?rest_route=\/wp\/v2\/types\/page"}],"author":[{"embeddable":true,"href":"https:\/\/www.cigdemim.org.tr\/index.php?rest_route=\/wp\/v2\/users\/951"}],"replies":[{"embeddable":true,"href":"https:\/\/www.cigdemim.org.tr\/index.php?rest_route=%2Fwp%2Fv2%2Fcomments&post=18317"}],"version-history":[{"count":6,"href":"https:\/\/www.cigdemim.org.tr\/index.php?rest_route=\/wp\/v2\/pages\/18317\/revisions"}],"predecessor-version":[{"id":20756,"href":"https:\/\/www.cigdemim.org.tr\/index.php?rest_route=\/wp\/v2\/pages\/18317\/revisions\/20756"}],"wp:attachment":[{"href":"https:\/\/www.cigdemim.org.tr\/index.php?rest_route=%2Fwp%2Fv2%2Fmedia&parent=18317"}],"curies":[{"name":"wp","href":"https:\/\/api.w.org\/{rel}","templated":true}]}}