{"id":303,"date":"2013-05-28T16:49:14","date_gmt":"2013-05-28T13:49:14","guid":{"rendered":"http:\/\/empatim.com\/?page_id=303"},"modified":"2020-07-18T11:40:30","modified_gmt":"2020-07-18T08:40:30","slug":"dernegimiz","status":"publish","type":"page","link":"https:\/\/www.cigdemim.org.tr\/?page_id=303","title":{"rendered":"DERNE\u011e\u0130M\u0130Z"},"content":{"rendered":"<p><b>DERNE\u011e\u0130M\u0130Z\u0130N AMACI<\/b><\/p>\n<p>Ba\u015fl\u0131\u011f\u0131m<\/p>\n<blockquote>\n<p style=\"text-align: justify;\">Mahallemizin \u00e7a\u011fda\u015f kent gereklerine uygun altyap\u0131 ve \u00e7evre d\u00fczenlemelerine yard\u0131mc\u0131 olmak, bu konularda belediyelerle ve resmi kurulu\u015flarla i\u015fbirli\u011fi yapmakt\u0131r. Mahallenin ihtiyac\u0131 olan e\u011fitim, sa\u011fl\u0131k ve spor tesislerinin tespit edilmesi ve bir an \u00f6nce yap\u0131lmas\u0131n\u0131n sa\u011flanmas\u0131.Mahallemizde mevcut olan e\u011fitim, spor ve sa\u011fl\u0131k tesislerinin bakim, onar\u0131m ve korunmalar\u0131na yard\u0131mc\u0131 olmak ve etkin bir \u015fekilde kullan\u0131lmalar\u0131n\u0131 sa\u011flamak.Mahalle sakinlerinin ihtiya\u00e7lar\u0131na y\u00f6nelik kurslar a\u00e7mak, bu konuda \u00e7al\u0131\u015fanlara yard\u0131mc\u0131 olmak.K\u00fclt\u00fcrel, sosyal ve sportif etkinlikler d\u00fczenlemek.Mahalle sakinlerinin tan\u0131\u015fmalar\u0131n\u0131, birlikte vakit ge\u00e7irmelerini sa\u011flayarak dayan\u0131\u015fmay\u0131 art\u0131racak etkinlikler d\u00fczenlemek.<\/p>\n<\/blockquote>\n<p><b>M\u0130SYON<\/b><\/p>\n<blockquote>\n<p style=\"text-align: justify;\">\u00c7i\u011fdem Mahallesi sakinlerinin Sosyal, k\u00fclt\u00fcrel, fiziksel ve zihinsel a\u00e7\u0131dan geli\u015fmesine katk\u0131 sa\u011flayacak ve ya\u015fam kalitesini y\u00fckseltecek hizmetleri, g\u00f6n\u00fcll\u00fcl\u00fck ve kat\u0131l\u0131mc\u0131l\u0131k esas\u0131yla sunmak.<\/p>\n<\/blockquote>\n<p><b>V\u0130ZYON:<br \/>\n<\/b><\/p>\n<blockquote><p>Ankara\u2019n\u0131n en ya\u015fan\u0131labilir, g\u00fcvenilir ve \u00f6rnek al\u0131nan bir mahallesi olmak.<\/p><\/blockquote>\n<p><b>DE\u011eERLER\u0130M\u0130Z<\/b><\/p>\n<p><span style=\"font-size: 13px;\">Atat\u00fcrk \u0130lke Ve Devrimlerine Ba\u011fl\u0131 &#8211; &nbsp;<\/span><span style=\"font-size: 13px;\">Kat\u0131l\u0131mc\u0131 &#8211;&nbsp;<\/span><span style=\"font-size: 13px;\">Ekip \u00c7al\u0131\u015fmas\u0131na \u0130nanan<\/span><br \/>\n<span style=\"font-size: 13px;\">Proje Y\u00f6netimi Anlay\u0131\u015f\u0131 \u0130le \u00c7al\u0131\u015fan &#8211; &nbsp;<\/span><span style=\"font-size: 13px;\">Duyarl\u0131 &#8211; &nbsp;<\/span><span style=\"font-size: 13px;\">G\u00fcvenilir &#8211;&nbsp;<\/span><span style=\"font-size: 13px;\">G\u00f6n\u00fcll\u00fc<\/span><br \/>\n<span style=\"font-size: 13px;\">\u00d6rg\u00fctl\u00fc Ya\u015fam\u0131 Savunan, &nbsp;<\/span><span style=\"font-size: 13px;\">S\u0130YAS\u0130 PART\u0130LERE KAR\u015eI TARAFSIZ Ve BA\u011eIMSIZ<\/span><br \/>\n<span style=\"font-size: 13px;\">Dayan\u0131\u015fmac\u0131 &#8211; &nbsp;<\/span><span style=\"font-size: 13px;\">Yard\u0131msever &#8211; P<\/span><span style=\"font-size: 13px;\">ayla\u015f\u0131mc\u0131 &#8211;&nbsp;<\/span><span style=\"font-size: 13px;\">\u00d6nc\u00fc<\/span><br \/>\n<span style=\"font-size: 13px;\">\u00d6zverili &#8211;&nbsp;<\/span><span style=\"font-size: 13px;\">Kaliteye \u00d6nem Veren &#8211;&nbsp;<\/span><span style=\"font-size: 13px;\">Bilin\u00e7lendirici &#8211;&nbsp;<\/span><span style=\"font-size: 13px;\">Ho\u015fg\u00f6r\u00fcl\u00fc<\/span><br \/>\n<span style=\"font-size: 13px;\">\u00d6nyarg\u0131s\u0131z &#8211; &nbsp;<\/span><span style=\"font-size: 13px;\">\u015eeffaf &#8211; &nbsp;<\/span><span style=\"font-size: 13px;\">Ayr\u0131mc\u0131l\u0131\u011fa Kar\u015f\u0131 &#8211;&nbsp;<\/span><span style=\"font-size: 13px;\">\u00c7evre Ve Do\u011faya \u00d6zen G\u00f6steren<\/span><br \/>\n<span style=\"font-size: 13px;\">\u00c7a\u011fda\u015f &#8211; &nbsp;<\/span><span style=\"font-size: 13px;\">\u00dcretken &#8211;&nbsp;<\/span><span style=\"font-size: 13px;\">\u0130nsan Ve Hayvan Haklar\u0131na Sayg\u0131l\u0131<\/span><br \/>\n<span style=\"font-size: 13px;\">Sanatsever &#8211;&nbsp;<\/span><span style=\"font-size: 13px;\">\u0130\u015fbirli\u011fine A\u00e7\u0131k &#8211;&nbsp;<\/span><span style=\"font-size: 13px;\">Yenilik\u00e7i &#8211;&nbsp;<\/span><span style=\"font-size: 13px;\">\u00d6\u011frenen Bir Organizasyon<\/span><\/p>\n<p><a href=\"http:\/\/cigdemim.org.tr\/dernegimiz\/uye_formu.pdf\" target=\"_blank\" rel=\"noopener noreferrer\">\u00dcye Kay\u0131t Formu (pdf Format\u0131nda)<\/a><\/p>\n<p><a href=\"http:\/\/www.cigdemim.org.tr\/wp-content\/uploads\/2013\/05\/krokiint.jpg\" target=\"_blank\" rel=\"noopener noreferrer\">Kroki ve Mahalli Plan<\/a><\/p>\n<p>&nbsp;<\/p>\n<table border=\"1\" width=\"85%\" cellspacing=\"0\" cellpadding=\"0\">\n<tbody>\n<tr>\n<td colspan=\"3\" valign=\"top\" width=\"527\"><strong>Y\u00f6netim \u2013 Denetim Kurulu \u00dcyelerimiz<\/strong><\/td>\n<\/tr>\n<tr>\n<td width=\"40\"><strong>No<\/strong><\/td>\n<td width=\"261\"><strong>Ad\u0131-Soyad\u0131<\/strong><\/td>\n<td width=\"227\"><strong>G\u00f6revi<\/strong><\/td>\n<\/tr>\n<tr>\n<td width=\"40\">1<\/td>\n<td width=\"261\">Fatih Fethi Aksoy<\/td>\n<td width=\"227\">Ba\u015fkan<\/td>\n<\/tr>\n<tr>\n<td width=\"40\">2<\/td>\n<td width=\"261\">Halil Ferit Uyar<\/td>\n<td width=\"227\">Ba\u015fkan Yard\u0131mc\u0131s\u0131<\/td>\n<\/tr>\n<tr>\n<td width=\"40\">3<\/td>\n<td width=\"261\">Erdin\u00e7 Kahraman<\/td>\n<td width=\"227\">Genel sekreter<\/td>\n<\/tr>\n<tr>\n<td width=\"40\">4<\/td>\n<td width=\"261\">Hasan H\u00fcseyin Aslan<\/td>\n<td width=\"227\">Sayman<\/td>\n<\/tr>\n<tr>\n<td width=\"40\">5<\/td>\n<td width=\"261\">Fatma Buket Polat<\/td>\n<td width=\"227\">\u00dcye<\/td>\n<\/tr>\n<tr>\n<td width=\"40\">6<\/td>\n<td width=\"261\">Fatma Engin<\/td>\n<td width=\"227\">\u00dcye<\/td>\n<\/tr>\n<tr>\n<td width=\"40\">7<\/td>\n<td width=\"261\">Nacide Karabay<\/td>\n<td width=\"227\">\u00dcye<\/td>\n<\/tr>\n<tr>\n<td width=\"40\">8<\/td>\n<td width=\"261\">Bener \u00d6zg\u00fcrgil<\/td>\n<td width=\"227\">YK Yedek<\/td>\n<\/tr>\n<tr>\n<td width=\"40\">9<\/td>\n<td width=\"261\">Ha\u015fim A\u011fca<\/td>\n<td width=\"227\">YK Yedek<\/td>\n<\/tr>\n<tr>\n<td width=\"40\">10<\/td>\n<td width=\"261\">Seyide Aydo\u011fan<\/td>\n<td width=\"227\">YK Yedek<\/td>\n<\/tr>\n<tr>\n<td width=\"40\">11<\/td>\n<td width=\"261\">Musa Eraslan<\/td>\n<td width=\"227\">YK Yedek<\/td>\n<\/tr>\n<tr>\n<td width=\"40\">12<\/td>\n<td width=\"261\">T\u00fclay Korkmaz<\/td>\n<td width=\"227\">YK Yedek<\/td>\n<\/tr>\n<tr>\n<td width=\"40\">13<\/td>\n<td width=\"261\">Sabiha \u00d6ner<\/td>\n<td width=\"227\">YK Yedek<\/td>\n<\/tr>\n<tr>\n<td width=\"40\">14<\/td>\n<td width=\"261\">G\u00f6n\u00fcl \u00d6ner<\/td>\n<td width=\"227\">YK Yedek<\/td>\n<\/tr>\n<tr>\n<td width=\"40\">15<\/td>\n<td width=\"261\">Kemal Ak\u0131n<\/td>\n<td width=\"227\">Denetim Kurulu<\/td>\n<\/tr>\n<tr>\n<td width=\"40\">16<\/td>\n<td width=\"261\">Beyhan Z\u00fclalo\u011flu<\/td>\n<td width=\"227\">Denetim Kurulu<\/td>\n<\/tr>\n<tr>\n<td width=\"40\">17<\/td>\n<td width=\"261\">Ak\u0131n Y\u00fccel<\/td>\n<td width=\"227\">Denetim Kurulu<\/td>\n<\/tr>\n<tr>\n<td width=\"40\">18<\/td>\n<td width=\"261\">Birsen Carlak<\/td>\n<td width=\"227\">DK Yedek<\/td>\n<\/tr>\n<tr>\n<td width=\"40\">19<\/td>\n<td width=\"261\">Fitnat \u00c7\u0131tlak<\/td>\n<td width=\"227\">DK Yedek<\/td>\n<\/tr>\n<tr>\n<td width=\"40\">20<\/td>\n<td width=\"261\">Neriman Acar<\/td>\n<td width=\"227\">DK Yedek<\/td>\n<\/tr>\n<\/tbody>\n<\/table>\n<p>&nbsp;<\/p>\n<p><a href=\"http:\/\/www.cigdemim.org.tr\/wp-content\/uploads\/2013\/05\/DSC_0230-1600-x-1200.jpg\"><img loading=\"lazy\" decoding=\"async\" class=\"alignnone wp-image-3245\" src=\"http:\/\/www.cigdemim.org.tr\/wp-content\/uploads\/2013\/05\/DSC_0230-1600-x-1200.jpg\" alt=\"DSC_0230 (1600 x 1200)\" width=\"975\" height=\"459\"><\/a><\/p>\n<p><b>Dernek Kod Numaram\u0131z:<\/b> 06-051-095<\/p>\n<p><b>Banka Hesap Numaram\u0131z:<\/b> T. Is Bankas\u0131 Ankara ( Dikimevi ) \u015eubesi 4247 \u20131996888 <strong><span id=\"ctl00_t_ToggleSearchFilter2_DemandDepositDetailPanel_IBANDataLabel\">TR570006400000142471996888<\/span><\/strong><\/p>\n<p><b>Vergi Numaram\u0131z:<\/b> Ba\u015fkent VD 256 038 7756<\/p>\n<p><b>Telefon Numaram\u0131z:<\/b> +90 312 285 20 47<\/p>\n<p><b style=\"font-size: 13px;\">Cep Telefonu:<\/b><span style=\"font-size: 13px;\"> 0530 660 95 83<\/span><\/p>\n<p>e-posta &nbsp;: dernek@cigdemim.org.tr<\/p>\n<p><b>Adresimiz:<\/b> \u00c7i\u011fdem Mahallesi 1551. Cadde No: 14-A 06530 \u00c7ankaya Ankara<\/p>\n<p><b>\u00dcye Say\u0131m\u0131z:<\/b> 610<\/p>\n","protected":false},"excerpt":{"rendered":"<p>DERNE\u011e\u0130M\u0130Z\u0130N AMACI Ba\u015fl\u0131\u011f\u0131m Mahallemizin \u00e7a\u011fda\u015f kent gereklerine uygun altyap\u0131 ve \u00e7evre d\u00fczenlemelerine yard\u0131mc\u0131 olmak, bu konularda belediyelerle ve resmi kurulu\u015flarla i\u015fbirli\u011fi yapmakt\u0131r. Mahallenin ihtiyac\u0131 olan e\u011fitim, sa\u011fl\u0131k ve spor tesislerinin tespit edilmesi ve bir an \u00f6nce yap\u0131lmas\u0131n\u0131n sa\u011flanmas\u0131.Mahallemizde mevcut olan e\u011fitim, spor ve sa\u011fl\u0131k tesislerinin bakim, onar\u0131m ve korunmalar\u0131na yard\u0131mc\u0131 olmak ve etkin bir \u015fekilde [&hellip;]<\/p>\n","protected":false},"author":1,"featured_media":0,"parent":0,"menu_order":2,"comment_status":"open","ping_status":"open","template":"","meta":{"footnotes":""},"class_list":["post-303","page","type-page","status-publish","hentry"],"_links":{"self":[{"href":"https:\/\/www.cigdemim.org.tr\/index.php?rest_route=\/wp\/v2\/pages\/303","targetHints":{"allow":["GET"]}}],"collection":[{"href":"https:\/\/www.cigdemim.org.tr\/index.php?rest_route=\/wp\/v2\/pages"}],"about":[{"href":"https:\/\/www.cigdemim.org.tr\/index.php?rest_route=\/wp\/v2\/types\/page"}],"author":[{"embeddable":true,"href":"https:\/\/www.cigdemim.org.tr\/index.php?rest_route=\/wp\/v2\/users\/1"}],"replies":[{"embeddable":true,"href":"https:\/\/www.cigdemim.org.tr\/index.php?rest_route=%2Fwp%2Fv2%2Fcomments&post=303"}],"version-history":[{"count":0,"href":"https:\/\/www.cigdemim.org.tr\/index.php?rest_route=\/wp\/v2\/pages\/303\/revisions"}],"wp:attachment":[{"href":"https:\/\/www.cigdemim.org.tr\/index.php?rest_route=%2Fwp%2Fv2%2Fmedia&parent=303"}],"curies":[{"name":"wp","href":"https:\/\/api.w.org\/{rel}","templated":true}]}}